{"id":23,"date":"2023-06-05T23:48:17","date_gmt":"2023-06-05T21:48:17","guid":{"rendered":"http:\/\/canada2023.localhost\/?page_id=23"},"modified":"2024-10-08T11:37:31","modified_gmt":"2024-10-08T09:37:31","slug":"itineraire","status":"publish","type":"page","link":"https:\/\/canada.choeurdefilles.be\/index.php\/itineraire\/","title":{"rendered":"Itin\u00e9raire"},"content":{"rendered":"\n<div id=\"map\" style=\"height: 600px; width: 100%;\"><\/div>\n<div style=\"width: 100%\">\n<table style=\"width: 100%; max-width: 750px; display: block; margin-left: auto; margin-right: auto;\">\n<tbody>\n<tr>\n<td style=\"border: none; width: 375px; text-align: center; padding-bottom: 10px;\"><img loading=\"lazy\" decoding=\"async\" class=\"alignnone\" style=\"margin-bottom: -8px; margin-right: 5px;\" src=\"https:\/\/mts.googleapis.com\/maps\/vt\/icon\/name=icons\/spotlight\/spotlight-waypoint-a.png&amp;text=%E2%80%A2&amp;psize=32&amp;color=ff333333&amp;ax=44&amp;ay=48&amp;scale=1\" width=\"16\" height=\"32\">&nbsp;\u00c9tape actuelle<\/td>\n<td style=\"border: none; width: 375px; text-align: center; padding-bottom: 10px;\"><img loading=\"lazy\" decoding=\"async\" class=\"alignnone\" style=\"margin-bottom: -8px; margin-right: 5px;\" src=\"https:\/\/mts.googleapis.com\/maps\/vt\/icon\/name=icons\/spotlight\/spotlight-waypoint-b.png&amp;text=%E2%80%A2&amp;psize=32&amp;color=ff333333&amp;ax=44&amp;ay=48&amp;scale=1\" width=\"16\" height=\"32\"> Autres \u00e9tapes<\/td>\n<\/tr>\n<tr>\n<td colspan=\"2\" style=\"text-align: center; font-size: 10pt; margin: 0; padding: 0;\"><strong>Astuce :<\/strong> Cliquez sur les points de la carte pour afficher des informations sur l&#8217;\u00e9tape<\/td>\n<\/tr>\n<\/tbody>\n<\/table>\n<\/div>\n<script src=\"\/wp-content\/blog-canada\/scripts\/maps-widget.js\" type=\"text\/javascript\"><\/script>\n<script src=\"https:\/\/maps.googleapis.com\/maps\/api\/js?key=AIzaSyBhiLg7jF46i8Zk_RD6JmESvnqmZKn85uA&amp;callback=initMap\" async=\"\" defer=\"defer\"><\/script>\n","protected":false},"excerpt":{"rendered":"<p>&nbsp;\u00c9tape actuelle Autres \u00e9tapes Astuce : Cliquez sur les points de la carte pour afficher des informations sur l&#8217;\u00e9tape<\/p>\n","protected":false},"author":1,"featured_media":0,"parent":0,"menu_order":1,"comment_status":"closed","ping_status":"closed","template":"template-fullwidth.php","meta":{"footnotes":""},"class_list":["post-23","page","type-page","status-publish","hentry"],"_links":{"self":[{"href":"https:\/\/canada.choeurdefilles.be\/index.php\/wp-json\/wp\/v2\/pages\/23","targetHints":{"allow":["GET"]}}],"collection":[{"href":"https:\/\/canada.choeurdefilles.be\/index.php\/wp-json\/wp\/v2\/pages"}],"about":[{"href":"https:\/\/canada.choeurdefilles.be\/index.php\/wp-json\/wp\/v2\/types\/page"}],"author":[{"embeddable":true,"href":"https:\/\/canada.choeurdefilles.be\/index.php\/wp-json\/wp\/v2\/users\/1"}],"replies":[{"embeddable":true,"href":"https:\/\/canada.choeurdefilles.be\/index.php\/wp-json\/wp\/v2\/comments?post=23"}],"version-history":[{"count":4,"href":"https:\/\/canada.choeurdefilles.be\/index.php\/wp-json\/wp\/v2\/pages\/23\/revisions"}],"predecessor-version":[{"id":41,"href":"https:\/\/canada.choeurdefilles.be\/index.php\/wp-json\/wp\/v2\/pages\/23\/revisions\/41"}],"wp:attachment":[{"href":"https:\/\/canada.choeurdefilles.be\/index.php\/wp-json\/wp\/v2\/media?parent=23"}],"curies":[{"name":"wp","href":"https:\/\/api.w.org\/{rel}","templated":true}]}}