{"id":25,"date":"2023-06-05T23:49:49","date_gmt":"2023-06-05T21:49:49","guid":{"rendered":"http:\/\/canada2023.localhost\/?page_id=25"},"modified":"2023-10-21T15:16:09","modified_gmt":"2023-10-21T13:16:09","slug":"a-propos","status":"publish","type":"page","link":"https:\/\/canada.choeurdefilles.be\/index.php\/a-propos\/","title":{"rendered":"\u00c0 propos"},"content":{"rendered":"\n<figure class=\"wp-block-image size-large\"><img loading=\"lazy\" decoding=\"async\" width=\"1024\" height=\"374\" src=\"https:\/\/canada.choeurdefilles.be\/wp-content\/uploads\/2023\/10\/POITRINE_T-Shirt-23-1024x374.png\" alt=\"\" class=\"wp-image-578\" srcset=\"https:\/\/canada.choeurdefilles.be\/wp-content\/uploads\/2023\/10\/POITRINE_T-Shirt-23-1024x374.png 1024w, https:\/\/canada.choeurdefilles.be\/wp-content\/uploads\/2023\/10\/POITRINE_T-Shirt-23-300x110.png 300w, https:\/\/canada.choeurdefilles.be\/wp-content\/uploads\/2023\/10\/POITRINE_T-Shirt-23-768x281.png 768w, https:\/\/canada.choeurdefilles.be\/wp-content\/uploads\/2023\/10\/POITRINE_T-Shirt-23-1536x561.png 1536w, https:\/\/canada.choeurdefilles.be\/wp-content\/uploads\/2023\/10\/POITRINE_T-Shirt-23-519x190.png 519w, https:\/\/canada.choeurdefilles.be\/wp-content\/uploads\/2023\/10\/POITRINE_T-Shirt-23.png 1926w\" sizes=\"auto, (max-width: 1024px) 100vw, 1024px\" \/><\/figure>\n\n\n\n<p>Fond\u00e9 en 2011, <a href=\"https:\/\/choeurdefilles.be\" data-type=\"link\" data-id=\"https:\/\/choeurdefilles.be\">M\u00e9lop\u00e9e<\/a> est un ch\u0153ur de jeunes filles \u00e2g\u00e9es de 5 \u00e0 18 ans. Bien plus qu\u2019un simple ch\u0153ur, M\u00e9lop\u00e9e est devenu au fil des ann\u00e9es une v\u00e9ritable \u00e9cole de chant choral et de vie. Leur passion commune ? Go\u00fbter au plaisir de chanter ensemble tout simplement.<\/p>\n\n\n\n<p>Les tourn\u00e9es musicales \u00e0 l&#8217;\u00e9tranger constituent une exp\u00e9rience unique et des rencontres exceptionnelles avec des chorales locales et des familles d\u2019accueil. Depuis leur cr\u00e9ation, la chorale a effectu\u00e9 plusieurs voyages, tout d&#8217;abord en Belgique, et ensuite au Portugal en juillet 2017 et au Canada (Qu\u00e9bec et Nouveau-Brunswick) en juillet 2019. La tourn\u00e9e au Canada de 2023 est donc la seconde venue du ch\u0153ur de filles en Belle Province&nbsp;!<\/p>\n\n\n\n<p>Le pr\u00e9sent site web permet de suivre leurs aventures au Canada durant les deux semaines de tourn\u00e9e, du 22 octobre au 5 juillet 2023. Il sera mis \u00e0 jour r\u00e9guli\u00e8rement tout au long du voyage via diverses publications. Il est possible de r\u00e9agir \u00e0 ces publications via les commentaires.<\/p>\n\n\n\n<hr class=\"wp-block-separator has-alpha-channel-opacity\"\/>\n\n\n\n<p><em><span style=\"color: #808080;\">Pour toute remarque concernant ce site ou des \u00e9ventuels commentaires inappropri\u00e9s, veuillez utiliser l&#8217;adresse email de contact\u00a0: <\/span><\/em><a href=\"mailto:melopee@choeurdefilles.be\">melopee<\/a><a href=\"mailto:info@choeurdefilles.be\">@choeurdefilles.be<\/a><em><span style=\"color: #808080;\">.<\/span><\/em><\/p>\n","protected":false},"excerpt":{"rendered":"<p>Fond\u00e9 en 2011, M\u00e9lop\u00e9e est un ch\u0153ur de jeunes filles \u00e2g\u00e9es de 5 \u00e0 18 ans. Bien plus qu\u2019un simple ch\u0153ur, M\u00e9lop\u00e9e est devenu au fil des ann\u00e9es une v\u00e9ritable \u00e9cole de chant choral et de vie. Leur passion commune ? Go\u00fbter au plaisir de chanter ensemble tout simplement. Les tourn\u00e9es musicales \u00e0 l&#8217;\u00e9tranger constituent [&hellip;]<\/p>\n","protected":false},"author":1,"featured_media":0,"parent":0,"menu_order":9,"comment_status":"closed","ping_status":"closed","template":"","meta":{"footnotes":""},"class_list":["post-25","page","type-page","status-publish","hentry"],"_links":{"self":[{"href":"https:\/\/canada.choeurdefilles.be\/index.php\/wp-json\/wp\/v2\/pages\/25","targetHints":{"allow":["GET"]}}],"collection":[{"href":"https:\/\/canada.choeurdefilles.be\/index.php\/wp-json\/wp\/v2\/pages"}],"about":[{"href":"https:\/\/canada.choeurdefilles.be\/index.php\/wp-json\/wp\/v2\/types\/page"}],"author":[{"embeddable":true,"href":"https:\/\/canada.choeurdefilles.be\/index.php\/wp-json\/wp\/v2\/users\/1"}],"replies":[{"embeddable":true,"href":"https:\/\/canada.choeurdefilles.be\/index.php\/wp-json\/wp\/v2\/comments?post=25"}],"version-history":[{"count":14,"href":"https:\/\/canada.choeurdefilles.be\/index.php\/wp-json\/wp\/v2\/pages\/25\/revisions"}],"predecessor-version":[{"id":643,"href":"https:\/\/canada.choeurdefilles.be\/index.php\/wp-json\/wp\/v2\/pages\/25\/revisions\/643"}],"wp:attachment":[{"href":"https:\/\/canada.choeurdefilles.be\/index.php\/wp-json\/wp\/v2\/media?parent=25"}],"curies":[{"name":"wp","href":"https:\/\/api.w.org\/{rel}","templated":true}]}}